{"id":405,"date":"2016-05-20T09:15:57","date_gmt":"2016-05-20T09:15:57","guid":{"rendered":"https:\/\/aduanasantos.com\/?page_id=405"},"modified":"2022-01-02T19:12:58","modified_gmt":"2022-01-02T19:12:58","slug":"intermodal","status":"publish","type":"page","link":"https:\/\/aduanasantos.com\/?page_id=405","title":{"rendered":"Tramites de Exportaciones"},"content":{"rendered":"<p>[vc_row type=&#8221;in_container&#8221; bg_parallax=&#8221;&#8221; color_overlay=&#8221;&#8221; vu_equal_height_columns=&#8221;&#8221; row_id=&#8221;&#8221; el_class=&#8221;m-b-15&#8243;][vc_column vu_vertical_align=&#8221;middle&#8221;][vc_column_text]La importaci\u00f3n es el r\u00e9gimen aduanero que consiste en introducir legalmente al territorio aduanero de la Rep\u00fablica productos procedentes del exterior o de una zona o puertos libres debidamente establecidos en Panam\u00e1.[\/vc_column_text][\/vc_column][\/vc_row][vc_row type=&#8221;in_container&#8221; bg_parallax=&#8221;&#8221; color_overlay=&#8221;&#8221; vu_equal_height_columns=&#8221;&#8221; row_id=&#8221;&#8221; el_class=&#8221;&#8221;][vc_column vu_vertical_align=&#8221;middle&#8221; width=&#8221;2\/3&#8243;]<br \/>\n[\/vc_column][vc_column vu_vertical_align=&#8221;middle&#8221; width=&#8221;1\/2&#8243;]\t\t<header class=\"vu_heading vu_h-alignment-left\">\r\n\t\t\t<h2 class=\"vu_h-heading m-b-0\">\u00bfQU\u00c9 NECESITO?<\/h2>\r\n\r\n\t\t\t\t\t<\/header>\r\n\t[vc_toggle title=&#8221;Do you only carry full loads?&#8221; open=&#8221;true&#8221;]No part loads &amp; groupage are a large part of our business.[\/vc_toggle][vc_toggle title=&#8221;What other services are you compatible with?&#8221;]Progressively generate synergistic total linkage through cross-media intellectual capital.[\/vc_toggle][vc_toggle title=&#8221;Are you hiring?&#8221;]Progressively generate synergistic total linkage through cross-media intellectual capital.[\/vc_toggle]<\/p>\n<p>\t\t<header class=\"vu_heading vu_h-alignment-left m-t-0\">\r\n\t\t\t<h2 class=\"vu_h-heading m-b-0\">Observaci\u00f3n<\/h2>\r\n\r\n\t\t\t\t\t<\/header>\r\n\t<br \/>\n[vc_column_text]<em>Cuando la calidad o la raza sea la causa determinante del aforo, deber\u00e1n acompa\u00f1arse tambi\u00e9n del documento que prueba esa circunstancia, expedido por autoridad competente del pa\u00eds de origen.<\/em>[\/vc_column_text][\/vc_column][vc_column vu_vertical_align=&#8221;middle&#8221; width=&#8221;2&#8243;][vc_single_image image=&#8221;1097&#8243; img_size=&#8221;transpress_ratio-3:4&#8243;][\/vc_column][\/vc_row]<\/p>\n","protected":false},"excerpt":{"rendered":"<p>[vc_row type=&#8221;in_container&#8221; bg_parallax=&#8221;&#8221; color_overlay=&#8221;&#8221; vu_equal_height_columns=&#8221;&#8221; row_id=&#8221;&#8221; el_class=&#8221;m-b-15&#8243;][vc_column vu_vertical_align=&#8221;middle&#8221;][vc_column_text]La importaci\u00f3n es el r\u00e9gimen aduanero que consiste en introducir legalmente al territorio aduanero de la Rep\u00fablica productos procedentes del exterior o de una zona o puertos libres debidamente establecidos en Panam\u00e1.[\/vc_column_text][\/vc_column][\/vc_row][vc_row type=&#8221;in_container&#8221; bg_parallax=&#8221;&#8221; color_overlay=&#8221;&#8221; vu_equal_height_columns=&#8221;&#8221; row_id=&#8221;&#8221; el_class=&#8221;&#8221;][vc_column vu_vertical_align=&#8221;middle&#8221; width=&#8221;2\/3&#8243;] [\/vc_column][vc_column vu_vertical_align=&#8221;middle&#8221; width=&#8221;1\/2&#8243;][vc_toggle title=&#8221;Do you only carry full [&hellip;]<\/p>\n","protected":false},"author":1,"featured_media":0,"parent":132,"menu_order":0,"comment_status":"closed","ping_status":"closed","template":"","meta":{"footnotes":""},"class_list":["post-405","page","type-page","status-publish","hentry"],"_links":{"self":[{"href":"https:\/\/aduanasantos.com\/index.php?rest_route=\/wp\/v2\/pages\/405","targetHints":{"allow":["GET"]}}],"collection":[{"href":"https:\/\/aduanasantos.com\/index.php?rest_route=\/wp\/v2\/pages"}],"about":[{"href":"https:\/\/aduanasantos.com\/index.php?rest_route=\/wp\/v2\/types\/page"}],"author":[{"embeddable":true,"href":"https:\/\/aduanasantos.com\/index.php?rest_route=\/wp\/v2\/users\/1"}],"replies":[{"embeddable":true,"href":"https:\/\/aduanasantos.com\/index.php?rest_route=%2Fwp%2Fv2%2Fcomments&post=405"}],"version-history":[{"count":12,"href":"https:\/\/aduanasantos.com\/index.php?rest_route=\/wp\/v2\/pages\/405\/revisions"}],"predecessor-version":[{"id":1113,"href":"https:\/\/aduanasantos.com\/index.php?rest_route=\/wp\/v2\/pages\/405\/revisions\/1113"}],"up":[{"embeddable":true,"href":"https:\/\/aduanasantos.com\/index.php?rest_route=\/wp\/v2\/pages\/132"}],"wp:attachment":[{"href":"https:\/\/aduanasantos.com\/index.php?rest_route=%2Fwp%2Fv2%2Fmedia&parent=405"}],"curies":[{"name":"wp","href":"https:\/\/api.w.org\/{rel}","templated":true}]}}