{"id":403,"date":"2016-05-20T09:11:52","date_gmt":"2016-05-20T09:11:52","guid":{"rendered":"https:\/\/aduanasantos.com\/?page_id=403"},"modified":"2022-01-02T18:31:34","modified_gmt":"2022-01-02T18:31:34","slug":"ground-freight","status":"publish","type":"page","link":"https:\/\/aduanasantos.com\/?page_id=403","title":{"rendered":"Tramites de Importaciones"},"content":{"rendered":"<p>[vc_row type=&#8221;in_container&#8221; bg_parallax=&#8221;&#8221; color_overlay=&#8221;&#8221; vu_equal_height_columns=&#8221;&#8221; row_id=&#8221;&#8221; el_class=&#8221;m-b-15&#8243;][vc_column vu_vertical_align=&#8221;middle&#8221;][vc_column_text]La importaci\u00f3n es el r\u00e9gimen aduanero que consiste en introducir legalmente al territorio aduanero de la Rep\u00fablica productos procedentes del exterior o de una zona o puertos libres debidamente establecidos en Panam\u00e1.[\/vc_column_text][\/vc_column][\/vc_row][vc_row type=&#8221;in_container&#8221; bg_parallax=&#8221;&#8221; color_overlay=&#8221;&#8221; vu_equal_height_columns=&#8221;&#8221; row_id=&#8221;&#8221; el_class=&#8221;&#8221;][vc_column vu_vertical_align=&#8221;middle&#8221; width=&#8221;2\/3&#8243;]\t\t<header class=\"vu_heading vu_h-alignment-left m-t-0\">\r\n\t\t\t<h2 class=\"vu_h-heading m-b-0\">\u00bfQu\u00e9 necesito?<\/h2>\r\n\r\n\t\t\t\t\t<\/header>\r\n\t[vc_column_text]<\/p>\n<ul class=\"vu_list-with-icon\" data-icon=\"\uf00c\">\n<li>Factura comercial original.<\/li>\n<li>Conocimiento de embarque.<\/li>\n<li>permiso respectivo en los casos de importaci\u00f3n restringida.<\/li>\n<\/ul>\n<p><\/br><br \/>\n\t\t<header class=\"vu_heading vu_h-alignment-left m-t-0\">\r\n\t\t\t<h2 class=\"vu_h-heading m-b-0\">Observaci\u00f3n<\/h2>\r\n\r\n\t\t\t\t\t<\/header>\r\n\t<br \/>\n[\/vc_column_text][vc_column_text]<em>Cuando la calidad o la raza sea la causa determinante del aforo, deber\u00e1n acompa\u00f1arse tambi\u00e9n del documento que prueba esa circunstancia, expedido por autoridad competente del pa\u00eds de origen.<\/em>[\/vc_column_text][\/vc_column][vc_column vu_vertical_align=&#8221;middle&#8221; width=&#8221;1\/3&#8243;][vc_single_image image=&#8221;1097&#8243; img_size=&#8221;transpress_ratio-3:4&#8243;][\/vc_column][\/vc_row]<\/p>\n","protected":false},"excerpt":{"rendered":"<p>[vc_row type=&#8221;in_container&#8221; bg_parallax=&#8221;&#8221; color_overlay=&#8221;&#8221; vu_equal_height_columns=&#8221;&#8221; row_id=&#8221;&#8221; el_class=&#8221;m-b-15&#8243;][vc_column vu_vertical_align=&#8221;middle&#8221;][vc_column_text]La importaci\u00f3n es el r\u00e9gimen aduanero que consiste en introducir legalmente al territorio aduanero de la Rep\u00fablica productos procedentes del exterior o de una zona o puertos libres debidamente establecidos en Panam\u00e1.[\/vc_column_text][\/vc_column][\/vc_row][vc_row type=&#8221;in_container&#8221; bg_parallax=&#8221;&#8221; color_overlay=&#8221;&#8221; vu_equal_height_columns=&#8221;&#8221; row_id=&#8221;&#8221; el_class=&#8221;&#8221;][vc_column vu_vertical_align=&#8221;middle&#8221; width=&#8221;2\/3&#8243;][vc_column_text] Factura comercial original. Conocimiento de embarque. permiso respectivo [&hellip;]<\/p>\n","protected":false},"author":1,"featured_media":0,"parent":132,"menu_order":0,"comment_status":"closed","ping_status":"closed","template":"","meta":{"footnotes":""},"class_list":["post-403","page","type-page","status-publish","hentry"],"_links":{"self":[{"href":"https:\/\/aduanasantos.com\/index.php?rest_route=\/wp\/v2\/pages\/403","targetHints":{"allow":["GET"]}}],"collection":[{"href":"https:\/\/aduanasantos.com\/index.php?rest_route=\/wp\/v2\/pages"}],"about":[{"href":"https:\/\/aduanasantos.com\/index.php?rest_route=\/wp\/v2\/types\/page"}],"author":[{"embeddable":true,"href":"https:\/\/aduanasantos.com\/index.php?rest_route=\/wp\/v2\/users\/1"}],"replies":[{"embeddable":true,"href":"https:\/\/aduanasantos.com\/index.php?rest_route=%2Fwp%2Fv2%2Fcomments&post=403"}],"version-history":[{"count":24,"href":"https:\/\/aduanasantos.com\/index.php?rest_route=\/wp\/v2\/pages\/403\/revisions"}],"predecessor-version":[{"id":1101,"href":"https:\/\/aduanasantos.com\/index.php?rest_route=\/wp\/v2\/pages\/403\/revisions\/1101"}],"up":[{"embeddable":true,"href":"https:\/\/aduanasantos.com\/index.php?rest_route=\/wp\/v2\/pages\/132"}],"wp:attachment":[{"href":"https:\/\/aduanasantos.com\/index.php?rest_route=%2Fwp%2Fv2%2Fmedia&parent=403"}],"curies":[{"name":"wp","href":"https:\/\/api.w.org\/{rel}","templated":true}]}}