{"id":116,"date":"2016-04-28T13:36:07","date_gmt":"2016-04-28T12:36:07","guid":{"rendered":"https:\/\/aduanasantos.com\/?page_id=116"},"modified":"2022-03-30T18:17:28","modified_gmt":"2022-03-30T18:17:28","slug":"history","status":"publish","type":"page","link":"https:\/\/aduanasantos.com\/?page_id=116","title":{"rendered":"History"},"content":{"rendered":"<p>[vc_row type=&#8221;in_container&#8221; bg_parallax=&#8221;&#8221; color_overlay=&#8221;&#8221; vu_equal_height_columns=&#8221;&#8221; row_id=&#8221;&#8221; el_class=&#8221;&#8221;][vc_column vu_vertical_align=&#8221;middle&#8221; width=&#8221;1\/2&#8243;][vc_single_image image=&#8221;1270&#8243; img_size=&#8221;transpress_ratio-2:1&#8243;][\/vc_column][vc_column vu_vertical_align=&#8221;middle&#8221; width=&#8221;1\/2&#8243;][vc_single_image image=&#8221;1294&#8243; img_size=&#8221;transpress_ratio-2:1&#8243;][\/vc_column][\/vc_row][vc_row type=&#8221;in_container&#8221; bg_parallax=&#8221;&#8221; color_overlay=&#8221;&#8221; vu_equal_height_columns=&#8221;&#8221; row_id=&#8221;&#8221; el_class=&#8221;&#8221;][vc_column vu_vertical_align=&#8221;middle&#8221;]\t\t<header class=\"vu_heading vu_h-alignment-left m-t-0\">\r\n\t\t\t<h2 class=\"vu_h-heading m-b-0\">\u00bfQUIERES SABER M\u00c1S SOBRE ADUANA SANTOS S.A.?<\/h2>\r\n\r\n\t\t\t\t\t<\/header>\r\n\t[vc_column_text]<\/p>\n<p class=\"m-t-0\">Fundada en Octubre 2001, en Ciudad de Panam\u00e1 y dirigida desde ese entonces por Wilberto Santos M., Licenciado en Administraci\u00f3n P\u00fablica Aduanera, con Licencia N\u00b0 287.<\/p>\n<p>Durante 21 a\u00f1os nuestra principal tarea ha sido conformar un equipo humano comprometido y con basta experiencia; lo que nos permite ofrecer a nuestros clientes no s\u00f3lo la asesor\u00eda necesaria, sino tambi\u00e9n un servicio de calidad para todo tipo de tr\u00e1mite aduanal.<\/p>\n<p>En los \u00faltimos a\u00f1os hemos trabajado en formar una compa\u00f1\u00eda que ofrezca soluciones reales y permanentes a nuestros clientes.[\/vc_column_text][\/vc_column][\/vc_row][vc_row type=&#8221;in_container&#8221; bg_parallax=&#8221;&#8221; color_overlay=&#8221;&#8221; vu_equal_height_columns=&#8221;&#8221; row_id=&#8221;&#8221; el_class=&#8221;&#8221;][vc_column vu_vertical_align=&#8221;middle&#8221;]\t\t<div class=\"vu_history vu_h-position-left\">\r\n\t\t\t<div class=\"vu_h-date\">2001<\/div>\r\n\r\n\t\t\t<div class=\"vu_h-container\">\r\n\t\t\t\t<div class=\"vu_h-content\">\r\n\t\t\t\t\t\r\n\t\t\t\t\t\t\t\t\t\t\t<div class=\"vu_h-description\">\r\n\t\t\t\t\t\t\t<p>Fundada y dirigida por el Licdo. Wilberto Santos M.<\/p>\n\t\t\t\t\t\t<\/div>\r\n\t\t\t\t\t\t\t\t\t<\/div>\r\n\t\t\t<\/div>\r\n\t\t<\/div>\r\n\t\t\t<div class=\"vu_history vu_h-position-left\">\r\n\t\t\t<div class=\"vu_h-date\">2002<\/div>\r\n\r\n\t\t\t<div class=\"vu_h-container\">\r\n\t\t\t\t<div class=\"vu_h-content\">\r\n\t\t\t\t\t\r\n\t\t\t\t\t\t\t\t\t\t\t<div class=\"vu_h-description\">\r\n\t\t\t\t\t\t\t<p>Iniciamos Operaciones con sucursal en Tocumen Carga.<\/p>\n\t\t\t\t\t\t<\/div>\r\n\t\t\t\t\t\t\t\t\t<\/div>\r\n\t\t\t<\/div>\r\n\t\t<\/div>\r\n\t\t\t<div class=\"vu_history vu_h-position-left\">\r\n\t\t\t<div class=\"vu_h-date\">2003<\/div>\r\n\r\n\t\t\t<div class=\"vu_h-container\">\r\n\t\t\t\t<div class=\"vu_h-content\">\r\n\t\t\t\t\t\r\n\t\t\t\t\t\t\t\t\t\t\t<div class=\"vu_h-description\">\r\n\t\t\t\t\t\t\t<p>Iniciamos Operaciones con sucursal en la frontera de Paso Canoas.<\/p>\n\t\t\t\t\t\t<\/div>\r\n\t\t\t\t\t\t\t\t\t<\/div>\r\n\t\t\t<\/div>\r\n\t\t<\/div>\r\n\t\t\t<div class=\"vu_history vu_h-position-left\">\r\n\t\t\t<div class=\"vu_h-date\">2004<\/div>\r\n\r\n\t\t\t<div class=\"vu_h-container\">\r\n\t\t\t\t<div class=\"vu_h-content\">\r\n\t\t\t\t\t\r\n\t\t\t\t\t\t\t\t\t\t\t<div class=\"vu_h-description\">\r\n\t\t\t\t\t\t\t<p>Iniciamos Operaciones con sucursal en la Plaza Col\u00f3n 2000<\/p>\n\t\t\t\t\t\t<\/div>\r\n\t\t\t\t\t\t\t\t\t<\/div>\r\n\t\t\t<\/div>\r\n\t\t<\/div>\r\n\t\t\t<div class=\"vu_history vu_h-position-left\">\r\n\t\t\t<div class=\"vu_h-date\">2010<\/div>\r\n\r\n\t\t\t<div class=\"vu_h-container\">\r\n\t\t\t\t<div class=\"vu_h-content\">\r\n\t\t\t\t\t\r\n\t\t\t\t\t\t\t\t\t\t\t<div class=\"vu_h-description\">\r\n\t\t\t\t\t\t\t<p>Implementamos mas de 10 puntos IN-HOUSE brindando una atenci\u00f3n personalizada a nuestros clientes.<\/p>\n\t\t\t\t\t\t<\/div>\r\n\t\t\t\t\t\t\t\t\t<\/div>\r\n\t\t\t<\/div>\r\n\t\t<\/div>\r\n\t\t\t<div class=\"vu_history vu_h-position-left\">\r\n\t\t\t<div class=\"vu_h-date\">2022<\/div>\r\n\r\n\t\t\t<div class=\"vu_h-container\">\r\n\t\t\t\t<div class=\"vu_h-content\">\r\n\t\t\t\t\t\r\n\t\t\t\t\t\t\t\t\t\t\t<div class=\"vu_h-description\">\r\n\t\t\t\t\t\t\t<p>Patrocinadores Oficial de Expocomer<\/p>\n\t\t\t\t\t\t<\/div>\r\n\t\t\t\t\t\t\t\t\t<\/div>\r\n\t\t\t<\/div>\r\n\t\t<\/div>\r\n\t[\/vc_column][\/vc_row]<\/p>\n","protected":false},"excerpt":{"rendered":"<p>[vc_row type=&#8221;in_container&#8221; bg_parallax=&#8221;&#8221; color_overlay=&#8221;&#8221; vu_equal_height_columns=&#8221;&#8221; row_id=&#8221;&#8221; el_class=&#8221;&#8221;][vc_column vu_vertical_align=&#8221;middle&#8221; width=&#8221;1\/2&#8243;][vc_single_image image=&#8221;1270&#8243; img_size=&#8221;transpress_ratio-2:1&#8243;][\/vc_column][vc_column vu_vertical_align=&#8221;middle&#8221; width=&#8221;1\/2&#8243;][vc_single_image image=&#8221;1294&#8243; img_size=&#8221;transpress_ratio-2:1&#8243;][\/vc_column][\/vc_row][vc_row type=&#8221;in_container&#8221; bg_parallax=&#8221;&#8221; color_overlay=&#8221;&#8221; vu_equal_height_columns=&#8221;&#8221; row_id=&#8221;&#8221; el_class=&#8221;&#8221;][vc_column vu_vertical_align=&#8221;middle&#8221;][vc_column_text] Fundada en Octubre 2001, en Ciudad de Panam\u00e1 y dirigida desde ese entonces por Wilberto Santos M., Licenciado en Administraci\u00f3n P\u00fablica Aduanera, con Licencia N\u00b0 287. Durante 21 a\u00f1os nuestra principal tarea ha [&hellip;]<\/p>\n","protected":false},"author":1,"featured_media":0,"parent":0,"menu_order":0,"comment_status":"closed","ping_status":"closed","template":"","meta":{"footnotes":""},"class_list":["post-116","page","type-page","status-publish","hentry"],"_links":{"self":[{"href":"https:\/\/aduanasantos.com\/index.php?rest_route=\/wp\/v2\/pages\/116","targetHints":{"allow":["GET"]}}],"collection":[{"href":"https:\/\/aduanasantos.com\/index.php?rest_route=\/wp\/v2\/pages"}],"about":[{"href":"https:\/\/aduanasantos.com\/index.php?rest_route=\/wp\/v2\/types\/page"}],"author":[{"embeddable":true,"href":"https:\/\/aduanasantos.com\/index.php?rest_route=\/wp\/v2\/users\/1"}],"replies":[{"embeddable":true,"href":"https:\/\/aduanasantos.com\/index.php?rest_route=%2Fwp%2Fv2%2Fcomments&post=116"}],"version-history":[{"count":14,"href":"https:\/\/aduanasantos.com\/index.php?rest_route=\/wp\/v2\/pages\/116\/revisions"}],"predecessor-version":[{"id":1295,"href":"https:\/\/aduanasantos.com\/index.php?rest_route=\/wp\/v2\/pages\/116\/revisions\/1295"}],"wp:attachment":[{"href":"https:\/\/aduanasantos.com\/index.php?rest_route=%2Fwp%2Fv2%2Fmedia&parent=116"}],"curies":[{"name":"wp","href":"https:\/\/api.w.org\/{rel}","templated":true}]}}